{"id":701,"date":"2011-05-20T18:49:43","date_gmt":"2011-05-20T18:49:43","guid":{"rendered":"https:\/\/wpthemetestdata.wordpress.com\/?page_id=701"},"modified":"2025-08-29T11:44:19","modified_gmt":"2025-08-29T09:44:19","slug":"werken-bij-ecclesia","status":"publish","type":"page","link":"https:\/\/ecclesia.nl\/werkenbij\/","title":{"rendered":"Kom jij ons team versterken?"},"content":{"rendered":"\n<div class=\"wp-block-group alignfull has-gray-background-color has-background is-layout-constrained wp-container-core-group-is-layout-f611be13 wp-block-group-is-layout-constrained\" style=\"padding-top:var(--wp--preset--spacing--50);padding-right:var(--wp--preset--spacing--50);padding-bottom:var(--wp--preset--spacing--50);padding-left:var(--wp--preset--spacing--50)\">\n<div class=\"wp-block-columns is-layout-flex wp-container-core-columns-is-layout-28f84493 wp-block-columns-is-layout-flex\">\n<div class=\"wp-block-column is-vertically-aligned-center is-layout-flow wp-block-column-is-layout-flow\">\n<figure class=\"wp-block-image size-large\"><img decoding=\"async\" width=\"1024\" height=\"768\" src=\"https:\/\/ecclesia.nl\/werkenbij\/wp-content\/uploads\/sites\/6\/2024\/11\/nov24_angelo-1024x768.jpg\" alt=\"\" class=\"wp-image-9976\" srcset=\"https:\/\/ecclesia.nl\/werkenbij\/wp-content\/uploads\/sites\/6\/2024\/11\/nov24_angelo-1024x768.jpg 1024w, https:\/\/ecclesia.nl\/werkenbij\/wp-content\/uploads\/sites\/6\/2024\/11\/nov24_angelo-300x225.jpg 300w, https:\/\/ecclesia.nl\/werkenbij\/wp-content\/uploads\/sites\/6\/2024\/11\/nov24_angelo-768x576.jpg 768w, https:\/\/ecclesia.nl\/werkenbij\/wp-content\/uploads\/sites\/6\/2024\/11\/nov24_angelo-1536x1152.jpg 1536w, https:\/\/ecclesia.nl\/werkenbij\/wp-content\/uploads\/sites\/6\/2024\/11\/nov24_angelo-2048x1536.jpg 2048w\" sizes=\"(max-width: 1024px) 100vw, 1024px\" \/><\/figure>\n<\/div>\n\n\n\n<div class=\"wp-block-column is-vertically-aligned-center is-layout-flow wp-block-column-is-layout-flow\">\n<p class=\"is-style-lead\">Wil jij werken bij een bedrijf waar je wordt gezien zoals je bent? Een bedrijf waar kansen grijpen wordt beloond? Waar je gezellig samen met elkaar op kantoor of vanuit huis kunt werken? Dan ben je bij ons op het juiste adres!<\/p>\n\n\n\n<p>Bij Ecclesia staan we voor totaaladvies in risicobeheersing, of dat gaat om verzekeren of duurzame inzetbaarheid. Wij voelen ons persoonlijk betrokken bij onze klanten en hechten waarde aan lange-termijn relaties. Ons contact met onze klanten is proactief, frequent en intensief.<\/p>\n\n\n\n<p>Medewerkers van Ecclesia hebben passie voor hun vak, behoren tot de top in hun vakgebied en weten snel door te dringen tot de essentie, hoe complex ook. Werken bij Ecclesia betekent samen bewust en gerust vooruit. Met onze klanten \u00e9n met elkaar. Bij Ecclesia krijg jij ruimte om te groeien.<\/p>\n\n\n\n<div class=\"wp-block-buttons is-layout-flex wp-block-buttons-is-layout-flex\">\n<div class=\"wp-block-button\"><a class=\"wp-block-button__link wp-element-button\" href=\"https:\/\/ecclesia.nl\/werkenbij\/over-ons\/\">Over Ecclesia<\/a><\/div>\n\n\n\n<div class=\"wp-block-button\"><a class=\"wp-block-button__link wp-element-button\" href=\"https:\/\/ecclesia.nl\/werkenbij\/vacatures\/\">Vacatures<\/a><\/div>\n<\/div>\n<\/div>\n<\/div>\n<\/div>\n\n\n\n<div class=\"wp-block-group is-style-default has-white-background-color has-background is-layout-flow wp-block-group-is-layout-flow\">\n<h2 class=\"wp-block-heading has-text-align-center has-primary-color has-text-color\" id=\"werken-bij-ecclesia-doen-we-zo\">Werken bij Ecclesia doen we z\u00f3<\/h2>\n\n\n\n<div class=\"wp-block-columns is-layout-flex wp-container-core-columns-is-layout-28f84493 wp-block-columns-is-layout-flex\">\n<div class=\"wp-block-column has-primary-color has-white-background-color has-text-color has-background is-layout-flow wp-block-column-is-layout-flow\" style=\"padding-top:50px;padding-right:50px;padding-bottom:50px;padding-left:50px;box-shadow:var(--wp--preset--shadow--natural)\" data-aos=\"zoom-in\" data-aos-delay=\"200\" data-aos-duration=\"700\">\n<figure class=\"wp-block-image size-full\"><img decoding=\"async\" width=\"112\" height=\"112\" src=\"https:\/\/ecclesia.nl\/wp-content\/uploads\/2022\/02\/Tijd_LARGE.png\" alt=\"\" class=\"wp-image-7085\" \/><\/figure>\n\n\n\n<h3 class=\"wp-block-heading has-text-align-center\" id=\"werktijden\">Werktijden<\/h3>\n\n\n\n<p class=\"has-text-align-center\">Je hebt de flexibiliteit in je werktijden,<br>zowel thuis als op de zaak<\/p>\n<\/div>\n\n\n\n<div class=\"wp-block-column has-primary-color has-white-background-color has-text-color has-background is-layout-flow wp-block-column-is-layout-flow\" style=\"padding-top:50px;padding-right:50px;padding-bottom:50px;padding-left:50px;box-shadow:var(--wp--preset--shadow--natural)\" data-aos=\"zoom-in\" data-aos-delay=\"200\" data-aos-duration=\"700\">\n<figure class=\"wp-block-image size-full\"><img decoding=\"async\" width=\"112\" height=\"112\" src=\"https:\/\/ecclesia.nl\/wp-content\/uploads\/2022\/02\/Jij_LARGE.png\" alt=\"\" class=\"wp-image-7087\" \/><\/figure>\n\n\n\n<h3 class=\"wp-block-heading has-text-align-center\" id=\"jij-bent-jij\">Jij bent jij<\/h3>\n\n\n\n<p class=\"has-text-align-center\">Je mag \u00e9n kunt jezelf zijn!<\/p>\n<\/div>\n\n\n\n<div class=\"wp-block-column has-primary-color has-white-background-color has-text-color has-background is-layout-flow wp-block-column-is-layout-flow\" style=\"padding-top:50px;padding-right:50px;padding-bottom:50px;padding-left:50px;box-shadow:var(--wp--preset--shadow--natural)\" data-aos=\"zoom-in\" data-aos-delay=\"200\" data-aos-duration=\"700\">\n<figure class=\"wp-block-image size-full\"><img decoding=\"async\" width=\"112\" height=\"112\" src=\"https:\/\/ecclesia.nl\/wp-content\/uploads\/2022\/02\/ok_LARGE.png\" alt=\"\" class=\"wp-image-7076\" \/><\/figure>\n\n\n\n<h3 class=\"wp-block-heading has-text-align-center\" id=\"informeel-professioneel\">Informeel professioneel<\/h3>\n\n\n\n<p class=\"has-text-align-center\">Dit typeert onze werksfeer<\/p>\n<\/div>\n<\/div>\n\n\n\n<div class=\"wp-block-columns is-layout-flex wp-container-core-columns-is-layout-28f84493 wp-block-columns-is-layout-flex\">\n<div class=\"wp-block-column has-primary-color has-white-background-color has-text-color has-background is-layout-flow wp-block-column-is-layout-flow\" style=\"padding-top:50px;padding-right:50px;padding-bottom:50px;padding-left:50px;box-shadow:var(--wp--preset--shadow--natural)\" data-aos=\"zoom-in\" data-aos-delay=\"200\" data-aos-duration=\"700\">\n<figure class=\"wp-block-image size-full\"><img decoding=\"async\" width=\"112\" height=\"112\" src=\"https:\/\/ecclesia.nl\/wp-content\/uploads\/2022\/02\/groei_LARGE.png\" alt=\"\" class=\"wp-image-7079\" \/><\/figure>\n\n\n\n<h3 class=\"wp-block-heading has-text-align-center\" id=\"door-groeien-doorgroeien\">Door groeien doorgroeien<\/h3>\n\n\n\n<p class=\"has-text-align-center\">Jij krijgt de kans om door te groeien!<\/p>\n<\/div>\n\n\n\n<div class=\"wp-block-column has-primary-color has-white-background-color has-text-color has-background is-layout-flow wp-block-column-is-layout-flow\" style=\"padding-top:50px;padding-right:50px;padding-bottom:50px;padding-left:50px;box-shadow:var(--wp--preset--shadow--natural)\" data-aos=\"zoom-in\" data-aos-delay=\"200\" data-aos-duration=\"700\">\n<figure class=\"wp-block-image size-full\"><img decoding=\"async\" width=\"112\" height=\"112\" src=\"https:\/\/ecclesia.nl\/wp-content\/uploads\/2022\/02\/digital_LARGE.png\" alt=\"\" class=\"wp-image-7083\" \/><\/figure>\n\n\n\n<h3 class=\"wp-block-heading has-text-align-center\" id=\"menselijk-digitaal\">Menselijk digitaal<\/h3>\n\n\n\n<p class=\"has-text-align-center\">We hebben een moderne infrastructuur,<br>m\u00e9t behoud van menselijkheid<\/p>\n<\/div>\n\n\n\n<div class=\"wp-block-column has-primary-color has-white-background-color has-text-color has-background is-layout-flow wp-block-column-is-layout-flow\" style=\"padding-top:50px;padding-right:50px;padding-bottom:50px;padding-left:50px;box-shadow:var(--wp--preset--shadow--natural)\" data-aos=\"zoom-in\" data-aos-delay=\"200\" data-aos-duration=\"700\">\n<figure class=\"wp-block-image size-full\"><img decoding=\"async\" width=\"112\" height=\"112\" src=\"https:\/\/ecclesia.nl\/wp-content\/uploads\/2022\/02\/vooruit_LARGE.png\" alt=\"\" class=\"wp-image-7081\" \/><\/figure>\n\n\n\n<h3 class=\"wp-block-heading has-text-align-center\" id=\"samen-vooruit\">Samen vooruit<\/h3>\n\n\n\n<p class=\"has-text-align-center\">We doen het samen! Samen helpen wij onze klanten \u00e9n elkaar bewust en gerust vooruit.<\/p>\n<\/div>\n<\/div>\n\n\n\n<div class=\"wp-block-group is-layout-flow wp-block-group-is-layout-flow\">\n<div class=\"wp-block-buttons is-content-justification-right is-layout-flex wp-container-core-buttons-is-layout-d445cf74 wp-block-buttons-is-layout-flex\">\n<div class=\"wp-block-button\"><a class=\"wp-block-button__link wp-element-button\" href=\"https:\/\/ecclesia.nl\/werkenbij\/ons-aanbod\/\">Ons aanbod<\/a><\/div>\n<\/div>\n<\/div>\n<\/div>\n\n\n\n<div class=\"wp-block-group alignfull has-black-color has-light-background-color has-text-color has-background has-link-color wp-elements-9a995a24fd5f5a130e5ddb20953433fb is-layout-constrained wp-block-group-is-layout-constrained\">\n<h2 class=\"wp-block-heading\">Zo werkt solliciteren bij Ecclesia:<\/h2>\n\n\n\n<div class=\"wp-block-columns is-layout-flex wp-container-core-columns-is-layout-87beb0d0 wp-block-columns-is-layout-flex\">\n<div class=\"wp-block-column has-white-background-color has-background is-layout-flow wp-block-column-is-layout-flow\" style=\"padding-top:0;padding-right:0;padding-bottom:0;padding-left:0\">\n<div class=\"wp-block-group has-white-color has-primary-background-color has-text-color has-background has-link-color wp-elements-ad277b63973c08734240f5e81a66abc6 is-layout-constrained wp-block-group-is-layout-constrained\" style=\"border-style:none;border-width:0px;border-radius:0px;margin-top:0;margin-bottom:0\" data-aos=\"zoom-in\" data-aos-delay=\"250\" data-aos-duration=\"600\">\n<h3 class=\"wp-block-heading has-text-align-center\">1<br><br> Motivatie<\/h3>\n<\/div>\n\n\n\n<div class=\"wp-block-group is-layout-constrained wp-container-core-group-is-layout-867c3d7b wp-block-group-is-layout-constrained\" style=\"margin-top:0;margin-bottom:0;padding-top:var(--wp--preset--spacing--30);padding-right:var(--wp--preset--spacing--30);padding-bottom:var(--wp--preset--spacing--30);padding-left:var(--wp--preset--spacing--30)\">\n<p class=\"has-black-color has-text-color has-link-color wp-elements-af87099da93f7ca6a073bb32f4ff6396\" data-aos=\"flip-up\" data-aos-delay=\"450\" data-aos-duration=\"700\">Heb je interesse in \u00e9\u00e9n van onze vacatures?<br>Vul dan het sollicitatieformulier in en upload je motivatie en CV en we laten je weten of je wordt uitgenodigd voor een kennismaking.<\/p>\n<\/div>\n<\/div>\n\n\n\n<div class=\"wp-block-column has-white-background-color has-background is-layout-flow wp-block-column-is-layout-flow\" style=\"padding-top:0;padding-right:0;padding-bottom:0;padding-left:0\">\n<div class=\"wp-block-group has-white-color has-primary-background-color has-text-color has-background has-link-color wp-elements-ec51464873fec44182dc52f746aea0d3 is-layout-constrained wp-block-group-is-layout-constrained\" style=\"border-style:none;border-width:0px;border-radius:0px;margin-top:0;margin-bottom:0\" data-aos=\"zoom-in\" data-aos-delay=\"200\" data-aos-duration=\"550\">\n<h3 class=\"wp-block-heading has-text-align-center\">2<br><br>Kennismaking<\/h3>\n<\/div>\n\n\n\n<p style=\"margin-top:0;margin-bottom:0;padding-top:var(--wp--preset--spacing--30);padding-right:var(--wp--preset--spacing--30);padding-bottom:var(--wp--preset--spacing--30);padding-left:var(--wp--preset--spacing--30)\" data-aos=\"flip-up\" data-aos-delay=\"450\" data-aos-duration=\"700\">Het eerste gesprek vindt op ons kantoor plaats of online. De leidinggevende en een (HR-)collega vertellen je over Ecclesia, de vacature en we zijn benieuwd naar jouw drijfveren en interesses.<\/p>\n<\/div>\n\n\n\n<div class=\"wp-block-column has-white-background-color has-background is-layout-flow wp-block-column-is-layout-flow\" style=\"padding-top:0;padding-right:0;padding-bottom:0;padding-left:0\">\n<div class=\"wp-block-group has-white-color has-primary-background-color has-text-color has-background has-link-color wp-elements-bb96f3e79c0023c2c46318b11baf423e is-layout-constrained wp-block-group-is-layout-constrained\" style=\"border-style:none;border-width:0px;border-radius:0px;margin-top:0;margin-bottom:0\" data-aos=\"zoom-in\" data-aos-delay=\"250\" data-aos-duration=\"550\">\n<h3 class=\"wp-block-heading has-text-align-center\">3 <br><br>2e gesprek<\/h3>\n<\/div>\n\n\n\n<p style=\"margin-top:0;margin-bottom:0;padding-top:var(--wp--preset--spacing--30);padding-right:var(--wp--preset--spacing--30);padding-bottom:var(--wp--preset--spacing--30);padding-left:var(--wp--preset--spacing--30)\" data-aos=\"flip-up\" data-aos-delay=\"450\" data-aos-duration=\"700\">Tijdens dit gesprek gaan we n\u00f3g meer de diepte in. Vraag maar lekker raak, dat doen wij ook. Vaak maak je nu ook kennis met \u00e9\u00e9n of meer collega\u2019s uit het eigen of een ander team.<\/p>\n<\/div>\n\n\n\n<div class=\"wp-block-column has-white-background-color has-background is-layout-flow wp-block-column-is-layout-flow\" style=\"padding-top:0;padding-right:0;padding-bottom:0;padding-left:0\">\n<div class=\"wp-block-group has-white-color has-primary-background-color has-text-color has-background has-link-color wp-elements-130a1dd67bb2271e546c96de9ced73f2 is-layout-constrained wp-block-group-is-layout-constrained\" style=\"border-style:none;border-width:0px;border-radius:0px;margin-top:0;margin-bottom:0\" data-aos=\"zoom-in\" data-aos-delay=\"250\" data-aos-duration=\"650\">\n<h3 class=\"wp-block-heading has-text-align-center\">4 <br><br>Aanbod<\/h3>\n<\/div>\n\n\n\n<p style=\"margin-top:0;margin-bottom:0;padding-top:var(--wp--preset--spacing--30);padding-right:var(--wp--preset--spacing--30);padding-bottom:var(--wp--preset--spacing--30);padding-left:var(--wp--preset--spacing--30)\" data-aos=\"flip-up\" data-aos-delay=\"450\" data-aos-duration=\"700\">Passen wij bij elkaar? Dan bellen we je op \u00e9n per mail ontvang je vervolgens ons aanbod.<br>Komen we eruit, dan tellen we af tot je samen met ons bewust en gerust vooruit gaat.<\/p>\n<\/div>\n\n\n\n<div class=\"wp-block-column has-white-background-color has-background is-layout-flow wp-block-column-is-layout-flow\" style=\"padding-top:0;padding-right:0;padding-bottom:0;padding-left:0\">\n<div class=\"wp-block-group has-white-color has-primary-background-color has-text-color has-background has-link-color wp-elements-0f7e806bf6959629a86e89d881e6d64e is-layout-constrained wp-block-group-is-layout-constrained\" style=\"border-style:none;border-width:0px;border-radius:0px;margin-top:0;margin-bottom:0\" data-aos=\"zoom-in\" data-aos-delay=\"250\" data-aos-duration=\"600\">\n<h3 class=\"wp-block-heading has-text-align-center\">5 <br><br>Screening<\/h3>\n<\/div>\n\n\n\n<p style=\"margin-top:0;margin-bottom:0;padding-top:var(--wp--preset--spacing--30);padding-right:var(--wp--preset--spacing--30);padding-bottom:var(--wp--preset--spacing--30);padding-left:var(--wp--preset--spacing--30)\" data-aos=\"flip-up\" data-aos-delay=\"450\" data-aos-duration=\"700\">We checken of alles op orde is. Hiervoor lever je een aantal formulieren aan. Alles op orde? Welkom nieuwe Ecclesiaan!<\/p>\n<\/div>\n<\/div>\n<\/div>\n\n\n\n<div class=\"wp-block-group alignfull is-layout-constrained wp-block-group-is-layout-constrained\">\n<h2 class=\"wp-block-heading\">Jouw toekomstige collega&#8217;s?<\/h2>\n\n\n\n<div class=\"wp-block-columns is-layout-flex wp-container-core-columns-is-layout-11298c6d wp-block-columns-is-layout-flex\" style=\"padding-bottom:20px\">\n<div class=\"wp-block-column is-layout-flow wp-block-column-is-layout-flow\">\n<figure class=\"wp-block-image size-large is-style-blocky\"><img decoding=\"async\" width=\"1024\" height=\"683\" src=\"https:\/\/ecclesia.nl\/werkenbij\/wp-content\/uploads\/sites\/6\/2022\/04\/MichelvH-1024x683.jpg\" alt=\"\" class=\"wp-image-8364\" srcset=\"https:\/\/ecclesia.nl\/werkenbij\/wp-content\/uploads\/sites\/6\/2022\/04\/MichelvH-1024x683.jpg 1024w, https:\/\/ecclesia.nl\/werkenbij\/wp-content\/uploads\/sites\/6\/2022\/04\/MichelvH-300x200.jpg 300w, https:\/\/ecclesia.nl\/werkenbij\/wp-content\/uploads\/sites\/6\/2022\/04\/MichelvH-768x512.jpg 768w, https:\/\/ecclesia.nl\/werkenbij\/wp-content\/uploads\/sites\/6\/2022\/04\/MichelvH-1536x1025.jpg 1536w, https:\/\/ecclesia.nl\/werkenbij\/wp-content\/uploads\/sites\/6\/2022\/04\/MichelvH.jpg 2048w\" sizes=\"(max-width: 1024px) 100vw, 1024px\" \/><\/figure>\n<\/div>\n\n\n\n<div class=\"wp-block-column is-layout-flow wp-block-column-is-layout-flow\">\n<figure class=\"wp-block-image size-large is-style-blocky\"><img decoding=\"async\" width=\"1024\" height=\"683\" src=\"https:\/\/ecclesia.nl\/werkenbij\/wp-content\/uploads\/sites\/6\/2022\/06\/EllenNikken-1024x683.jpg\" alt=\"\" class=\"wp-image-9006\" srcset=\"https:\/\/ecclesia.nl\/werkenbij\/wp-content\/uploads\/sites\/6\/2022\/06\/EllenNikken-1024x683.jpg 1024w, https:\/\/ecclesia.nl\/werkenbij\/wp-content\/uploads\/sites\/6\/2022\/06\/EllenNikken-300x200.jpg 300w, https:\/\/ecclesia.nl\/werkenbij\/wp-content\/uploads\/sites\/6\/2022\/06\/EllenNikken-768x512.jpg 768w, https:\/\/ecclesia.nl\/werkenbij\/wp-content\/uploads\/sites\/6\/2022\/06\/EllenNikken-1536x1025.jpg 1536w, https:\/\/ecclesia.nl\/werkenbij\/wp-content\/uploads\/sites\/6\/2022\/06\/EllenNikken.jpg 2048w\" sizes=\"(max-width: 1024px) 100vw, 1024px\" \/><\/figure>\n<\/div>\n\n\n\n<div class=\"wp-block-column is-layout-flow wp-block-column-is-layout-flow\">\n<figure class=\"wp-block-image size-large is-style-blocky\"><img decoding=\"async\" width=\"1024\" height=\"683\" src=\"https:\/\/ecclesia.nl\/werkenbij\/wp-content\/uploads\/sites\/6\/2025\/01\/Jack_Waterreus-1024x683.jpg\" alt=\"\" class=\"wp-image-10161\" srcset=\"https:\/\/ecclesia.nl\/werkenbij\/wp-content\/uploads\/sites\/6\/2025\/01\/Jack_Waterreus-1024x683.jpg 1024w, https:\/\/ecclesia.nl\/werkenbij\/wp-content\/uploads\/sites\/6\/2025\/01\/Jack_Waterreus-300x200.jpg 300w, https:\/\/ecclesia.nl\/werkenbij\/wp-content\/uploads\/sites\/6\/2025\/01\/Jack_Waterreus-768x512.jpg 768w, https:\/\/ecclesia.nl\/werkenbij\/wp-content\/uploads\/sites\/6\/2025\/01\/Jack_Waterreus-1536x1025.jpg 1536w, https:\/\/ecclesia.nl\/werkenbij\/wp-content\/uploads\/sites\/6\/2025\/01\/Jack_Waterreus.jpg 2048w\" sizes=\"(max-width: 1024px) 100vw, 1024px\" \/><\/figure>\n<\/div>\n<\/div>\n\n\n\n<div class=\"wp-block-columns is-layout-flex wp-container-core-columns-is-layout-d9c33d35 wp-block-columns-is-layout-flex\" style=\"padding-top:0px;padding-right:0px;padding-bottom:20px;padding-left:0px\">\n<div class=\"wp-block-column is-layout-flow wp-block-column-is-layout-flow\">\n<figure class=\"wp-block-image size-large is-style-blocky\"><img decoding=\"async\" width=\"1024\" height=\"683\" src=\"https:\/\/ecclesia.nl\/werkenbij\/wp-content\/uploads\/sites\/6\/2022\/06\/Danny_Varenkamp-1024x683.jpg\" alt=\"\" class=\"wp-image-8996\" srcset=\"https:\/\/ecclesia.nl\/werkenbij\/wp-content\/uploads\/sites\/6\/2022\/06\/Danny_Varenkamp-1024x683.jpg 1024w, https:\/\/ecclesia.nl\/werkenbij\/wp-content\/uploads\/sites\/6\/2022\/06\/Danny_Varenkamp-300x200.jpg 300w, https:\/\/ecclesia.nl\/werkenbij\/wp-content\/uploads\/sites\/6\/2022\/06\/Danny_Varenkamp-768x512.jpg 768w, https:\/\/ecclesia.nl\/werkenbij\/wp-content\/uploads\/sites\/6\/2022\/06\/Danny_Varenkamp-1536x1025.jpg 1536w, https:\/\/ecclesia.nl\/werkenbij\/wp-content\/uploads\/sites\/6\/2022\/06\/Danny_Varenkamp.jpg 2048w\" sizes=\"(max-width: 1024px) 100vw, 1024px\" \/><\/figure>\n<\/div>\n\n\n\n<div class=\"wp-block-column is-layout-flow wp-block-column-is-layout-flow\">\n<figure class=\"wp-block-image size-large is-style-blocky\"><img decoding=\"async\" width=\"1024\" height=\"683\" src=\"https:\/\/ecclesia.nl\/werkenbij\/wp-content\/uploads\/sites\/6\/2022\/05\/Martin_Langhorst-1024x683.jpg\" alt=\"\" class=\"wp-image-8783\" srcset=\"https:\/\/ecclesia.nl\/werkenbij\/wp-content\/uploads\/sites\/6\/2022\/05\/Martin_Langhorst-1024x683.jpg 1024w, https:\/\/ecclesia.nl\/werkenbij\/wp-content\/uploads\/sites\/6\/2022\/05\/Martin_Langhorst-300x200.jpg 300w, https:\/\/ecclesia.nl\/werkenbij\/wp-content\/uploads\/sites\/6\/2022\/05\/Martin_Langhorst-768x512.jpg 768w, https:\/\/ecclesia.nl\/werkenbij\/wp-content\/uploads\/sites\/6\/2022\/05\/Martin_Langhorst-1536x1025.jpg 1536w, https:\/\/ecclesia.nl\/werkenbij\/wp-content\/uploads\/sites\/6\/2022\/05\/Martin_Langhorst.jpg 2048w\" sizes=\"(max-width: 1024px) 100vw, 1024px\" \/><\/figure>\n<\/div>\n\n\n\n<div class=\"wp-block-column is-layout-flow wp-block-column-is-layout-flow\">\n<figure class=\"wp-block-image size-large is-style-blocky\"><img decoding=\"async\" width=\"1024\" height=\"683\" src=\"https:\/\/ecclesia.nl\/werkenbij\/wp-content\/uploads\/sites\/6\/2025\/01\/patricia_langermans-v2-1024x683.jpg\" alt=\"\" class=\"wp-image-10126\" srcset=\"https:\/\/ecclesia.nl\/werkenbij\/wp-content\/uploads\/sites\/6\/2025\/01\/patricia_langermans-v2-1024x683.jpg 1024w, https:\/\/ecclesia.nl\/werkenbij\/wp-content\/uploads\/sites\/6\/2025\/01\/patricia_langermans-v2-300x200.jpg 300w, https:\/\/ecclesia.nl\/werkenbij\/wp-content\/uploads\/sites\/6\/2025\/01\/patricia_langermans-v2-768x512.jpg 768w, https:\/\/ecclesia.nl\/werkenbij\/wp-content\/uploads\/sites\/6\/2025\/01\/patricia_langermans-v2-1536x1024.jpg 1536w, https:\/\/ecclesia.nl\/werkenbij\/wp-content\/uploads\/sites\/6\/2025\/01\/patricia_langermans-v2-2048x1366.jpg 2048w\" sizes=\"(max-width: 1024px) 100vw, 1024px\" \/><\/figure>\n<\/div>\n<\/div>\n\n\n\n<div class=\"wp-block-buttons is-content-justification-right is-layout-flex wp-container-core-buttons-is-layout-d445cf74 wp-block-buttons-is-layout-flex\">\n<div class=\"wp-block-button\"><a class=\"wp-block-button__link wp-element-button\" href=\"https:\/\/ecclesia.nl\/werkenbij\/vacatures\/\">Bekijk onze vacatures<\/a><\/div>\n\n\n\n<div class=\"wp-block-button\"><a class=\"wp-block-button__link wp-element-button\" href=\"https:\/\/ecclesia.nl\/werkenbij\/open-sollicitatie\/\">Open sollicitatie<\/a><\/div>\n\n\n\n<div class=\"wp-block-button\"><a class=\"wp-block-button__link wp-element-button\" href=\"https:\/\/ecclesia.nl\/medewerkers\">Ons Ecclesia Team<\/a><\/div>\n<\/div>\n<\/div>\n","protected":false},"excerpt":{"rendered":"<p>Wil jij werken bij een bedrijf waar je wordt gezien zoals je bent? Een bedrijf waar kansen grijpen wordt beloond? Waar je gezellig samen met [&hellip;]<\/p>\n","protected":false},"author":2,"featured_media":8826,"parent":0,"menu_order":0,"comment_status":"closed","ping_status":"closed","template":"","meta":{"_acf_changed":false,"footnotes":""},"class_list":["post-701","page","type-page","status-publish","has-post-thumbnail","hentry"],"acf":[],"mb":[],"mfb_rest_fields":["title"],"_links":{"self":[{"href":"https:\/\/ecclesia.nl\/werkenbij\/wp-json\/wp\/v2\/pages\/701","targetHints":{"allow":["GET"]}}],"collection":[{"href":"https:\/\/ecclesia.nl\/werkenbij\/wp-json\/wp\/v2\/pages"}],"about":[{"href":"https:\/\/ecclesia.nl\/werkenbij\/wp-json\/wp\/v2\/types\/page"}],"author":[{"embeddable":true,"href":"https:\/\/ecclesia.nl\/werkenbij\/wp-json\/wp\/v2\/users\/2"}],"replies":[{"embeddable":true,"href":"https:\/\/ecclesia.nl\/werkenbij\/wp-json\/wp\/v2\/comments?post=701"}],"version-history":[{"count":5,"href":"https:\/\/ecclesia.nl\/werkenbij\/wp-json\/wp\/v2\/pages\/701\/revisions"}],"predecessor-version":[{"id":10547,"href":"https:\/\/ecclesia.nl\/werkenbij\/wp-json\/wp\/v2\/pages\/701\/revisions\/10547"}],"wp:featuredmedia":[{"embeddable":true,"href":"https:\/\/ecclesia.nl\/werkenbij\/wp-json\/wp\/v2\/media\/8826"}],"wp:attachment":[{"href":"https:\/\/ecclesia.nl\/werkenbij\/wp-json\/wp\/v2\/media?parent=701"}],"curies":[{"name":"wp","href":"https:\/\/api.w.org\/{rel}","templated":true}]}}